{"id":17,"date":"2026-03-08T16:16:14","date_gmt":"2026-03-08T20:16:14","guid":{"rendered":"https:\/\/beniquezsanchez.com\/?page_id=17"},"modified":"2026-03-15T16:33:39","modified_gmt":"2026-03-15T20:33:39","slug":"home","status":"publish","type":"page","link":"https:\/\/beniquezsanchez.com\/es\/","title":{"rendered":"Inicio"},"content":{"rendered":"<div data-elementor-type=\"wp-page\" data-elementor-id=\"17\" class=\"elementor elementor-17\" data-elementor-post-type=\"page\">\n\t\t\t\t<div class=\"elementor-element elementor-element-482176c e-flex e-con-boxed e-con e-parent\" data-id=\"482176c\" data-element_type=\"container\" data-e-type=\"container\">\n\t\t\t\t\t<div class=\"e-con-inner\">\n\t\t\t\t<div class=\"elementor-element elementor-element-15ee3fe elementor-widget elementor-widget-spacer\" data-id=\"15ee3fe\" data-element_type=\"widget\" data-e-type=\"widget\" data-widget_type=\"spacer.default\">\n\t\t\t\t\t\t\t<div class=\"elementor-spacer\">\n\t\t\t<div class=\"elementor-spacer-inner\"><\/div>\n\t\t<\/div>\n\t\t\t\t\t\t<\/div>\n\t\t\t\t\t<\/div>\n\t\t\t\t<\/div>\n\t\t<div class=\"elementor-element elementor-element-11c4b31 e-flex e-con-boxed e-con e-parent\" data-id=\"11c4b31\" data-element_type=\"container\" data-e-type=\"container\" data-settings=\"{&quot;background_background&quot;:&quot;classic&quot;}\">\n\t\t\t\t\t<div class=\"e-con-inner\">\n\t\t<div class=\"elementor-element elementor-element-65c3059 e-con-full e-flex e-con e-child\" data-id=\"65c3059\" data-element_type=\"container\" data-e-type=\"container\">\n\t\t\t\t<div class=\"elementor-element elementor-element-a29a751 elementor-widget elementor-widget-heading\" data-id=\"a29a751\" data-element_type=\"widget\" data-e-type=\"widget\" data-widget_type=\"heading.default\">\n\t\t\t\t\t<div class=\"elementor-heading-title elementor-size-default\">Compa\u00f1\u00eda Matriz de BS and Co AI Labs\u00ae, BS4PYMES\u00ae y BS and Company Agency<\/div>\t\t\t\t<\/div>\n\t\t\t\t<div class=\"elementor-element elementor-element-06439fd elementor-widget__width-initial elementor-widget elementor-widget-heading\" data-id=\"06439fd\" data-element_type=\"widget\" data-e-type=\"widget\" data-widget_type=\"heading.default\">\n\t\t\t\t\t<h1 class=\"elementor-heading-title elementor-size-default\">Beniquez Sanchez and Company LLC es la compa\u00f1\u00eda matriz corporativa detr\u00e1s de un portafolio de marcas en inteligencia artificial, comunicaciones estrat\u00e9gicas, mercadeo y crecimiento de negocio.<\/h1>\t\t\t\t<\/div>\n\t\t\t\t<div class=\"elementor-element elementor-element-0782f52 elementor-widget__width-initial elementor-widget elementor-widget-heading\" data-id=\"0782f52\" data-element_type=\"widget\" data-e-type=\"widget\" data-widget_type=\"heading.default\">\n\t\t\t\t\t<h1 class=\"elementor-heading-title elementor-size-default\">Desarrollamos, operamos y supervisamos marcas especializadas construidas para servir a organizaciones, instituciones, emprendedores y negocios en crecimiento a trav\u00e9s de tecnolog\u00eda avanzada, comunicaciones estrat\u00e9gicas y servicios profesionales de alto nivel.<\/h1>\t\t\t\t<\/div>\n\t\t<div class=\"elementor-element elementor-element-d08b173 e-con-full e-flex e-con e-child\" data-id=\"d08b173\" data-element_type=\"container\" data-e-type=\"container\">\n\t\t\t\t<div class=\"elementor-element elementor-element-18ea9fa elementor-widget-mobile__width-initial elementor-widget elementor-widget-button\" data-id=\"18ea9fa\" data-element_type=\"widget\" data-e-type=\"widget\" data-widget_type=\"button.default\">\n\t\t\t\t\t\t\t\t\t\t<a class=\"elementor-button elementor-button-link elementor-size-sm\" href=\"#our-brands\">\n\t\t\t\t\t\t<span class=\"elementor-button-content-wrapper\">\n\t\t\t\t\t\t\t\t\t<span class=\"elementor-button-text\">Explora Nuestras Marcas<\/span>\n\t\t\t\t\t<\/span>\n\t\t\t\t\t<\/a>\n\t\t\t\t\t\t\t\t<\/div>\n\t\t\t\t<div class=\"elementor-element elementor-element-93573b2 elementor-widget-mobile__width-initial elementor-widget elementor-widget-button\" data-id=\"93573b2\" data-element_type=\"widget\" data-e-type=\"widget\" data-widget_type=\"button.default\">\n\t\t\t\t\t\t\t\t\t\t<a class=\"elementor-button elementor-button-link elementor-size-sm\" href=\"\/es\/contact\/\">\n\t\t\t\t\t\t<span class=\"elementor-button-content-wrapper\">\n\t\t\t\t\t\t\t\t\t<span class=\"elementor-button-text\">Cont\u00e1ctanos<\/span>\n\t\t\t\t\t<\/span>\n\t\t\t\t\t<\/a>\n\t\t\t\t\t\t\t\t<\/div>\n\t\t\t\t<\/div>\n\t\t\t\t<div class=\"elementor-element elementor-element-58c073a elementor-widget elementor-widget-text-editor\" data-id=\"58c073a\" data-element_type=\"widget\" data-e-type=\"widget\" data-widget_type=\"text-editor.default\">\n\t\t\t\t\t\t\t\t\t<p>Due\u00f1o y operador de BS and Co AI Labs\u00ae, BS4PYMES\u00ae y BS and Company Agency.<\/p>\t\t\t\t\t\t\t\t<\/div>\n\t\t\t\t<\/div>\n\t\t\t\t\t<\/div>\n\t\t\t\t<\/div>\n\t\t<div class=\"elementor-element elementor-element-9a7709f e-flex e-con-boxed e-con e-parent\" data-id=\"9a7709f\" data-element_type=\"container\" data-e-type=\"container\" data-settings=\"{&quot;background_background&quot;:&quot;classic&quot;}\">\n\t\t\t\t\t<div class=\"e-con-inner\">\n\t\t<div class=\"elementor-element elementor-element-cf351e0 e-con-full e-flex e-con e-child\" data-id=\"cf351e0\" data-element_type=\"container\" data-e-type=\"container\" brands=\"\">\n\t\t\t\t<div class=\"elementor-element elementor-element-cb37ac2 elementor-widget elementor-widget-menu-anchor\" data-id=\"cb37ac2\" data-element_type=\"widget\" data-e-type=\"widget\" data-widget_type=\"menu-anchor.default\">\n\t\t\t\t\t\t\t<div class=\"elementor-menu-anchor\" id=\"our-brands\"><\/div>\n\t\t\t\t\t\t<\/div>\n\t\t\t\t<div class=\"elementor-element elementor-element-69c3ba5 elementor-widget elementor-widget-heading\" data-id=\"69c3ba5\" data-element_type=\"widget\" data-e-type=\"widget\" data-widget_type=\"heading.default\">\n\t\t\t\t\t<div class=\"elementor-heading-title elementor-size-default\">Nuestras Marcas<\/div>\t\t\t\t<\/div>\n\t\t\t\t<div class=\"elementor-element elementor-element-78c4488 elementor-widget__width-initial elementor-widget-tablet__width-initial elementor-widget-mobile__width-initial elementor-widget elementor-widget-heading\" data-id=\"78c4488\" data-element_type=\"widget\" data-e-type=\"widget\" data-widget_type=\"heading.default\">\n\t\t\t\t\t<h2 class=\"elementor-heading-title elementor-size-default\">Un portafolio de marcas construido para servir necesidades de negocio, tecnolog\u00eda y comunicaciones a trav\u00e9s de m\u00faltiples sectores.<\/h2>\t\t\t\t<\/div>\n\t\t\t\t<div class=\"elementor-element elementor-element-69e6b5a elementor-widget__width-initial elementor-widget-tablet__width-initial elementor-widget-mobile__width-initial elementor-widget elementor-widget-text-editor\" data-id=\"69e6b5a\" data-element_type=\"widget\" data-e-type=\"widget\" data-widget_type=\"text-editor.default\">\n\t\t\t\t\t\t\t\t\t<p>Beniquez Sanchez and Company LLC es el due\u00f1o y operador de las siguientes marcas y plataformas:<\/p>\t\t\t\t\t\t\t\t<\/div>\n\t\t<div class=\"elementor-element elementor-element-042f6ab e-con-full e-flex e-con e-child\" data-id=\"042f6ab\" data-element_type=\"container\" data-e-type=\"container\">\n\t\t<div class=\"elementor-element elementor-element-2e20f80 e-con-full e-flex e-con e-child\" data-id=\"2e20f80\" data-element_type=\"container\" data-e-type=\"container\">\n\t\t\t\t<div class=\"elementor-element elementor-element-a549220 elementor-widget elementor-widget-heading\" data-id=\"a549220\" data-element_type=\"widget\" data-e-type=\"widget\" data-widget_type=\"heading.default\">\n\t\t\t\t\t<h3 class=\"elementor-heading-title elementor-size-default\">BS and Co AI Labs\u00ae<\/h3>\t\t\t\t<\/div>\n\t\t\t\t<div class=\"elementor-element elementor-element-0fd9bc4 elementor-widget__width-initial elementor-widget-tablet__width-initial elementor-widget-mobile__width-initial elementor-widget elementor-widget-text-editor\" data-id=\"0fd9bc4\" data-element_type=\"widget\" data-e-type=\"widget\" data-widget_type=\"text-editor.default\">\n\t\t\t\t\t\t\t\t\t<p>Una divisi\u00f3n de desarrollo de tecnolog\u00eda e inteligencia artificial enfocada en construir sistemas de IA de grado empresarial, infraestructura de automatizaci\u00f3n y soluciones de software propietarias para organizaciones e instituciones.<\/p>\t\t\t\t\t\t\t\t<\/div>\n\t\t\t\t<div class=\"elementor-element elementor-element-63efd58 elementor-widget elementor-widget-heading\" data-id=\"63efd58\" data-element_type=\"widget\" data-e-type=\"widget\" data-widget_type=\"heading.default\">\n\t\t\t\t\t<div class=\"elementor-heading-title elementor-size-default\">Sitio Web<\/div>\t\t\t\t<\/div>\n\t\t\t\t<div class=\"elementor-element elementor-element-a256ec5 elementor-widget elementor-widget-text-editor\" data-id=\"a256ec5\" data-element_type=\"widget\" data-e-type=\"widget\" data-widget_type=\"text-editor.default\">\n\t\t\t\t\t\t\t\t\t<p><a title=\"https:\/\/bsand-co.com\" href=\"https:\/\/bsand-co.com\" target=\"_blank\" rel=\"noopener\">https:\/\/bsand-co.com<\/a><\/p>\t\t\t\t\t\t\t\t<\/div>\n\t\t\t\t<\/div>\n\t\t\t\t<\/div>\n\t\t<div class=\"elementor-element elementor-element-5cebda1 e-con-full e-flex e-con e-child\" data-id=\"5cebda1\" data-element_type=\"container\" data-e-type=\"container\">\n\t\t<div class=\"elementor-element elementor-element-194b7e4 e-con-full e-flex e-con e-child\" data-id=\"194b7e4\" data-element_type=\"container\" data-e-type=\"container\">\n\t\t\t\t<div class=\"elementor-element elementor-element-adbdd7b elementor-widget elementor-widget-heading\" data-id=\"adbdd7b\" data-element_type=\"widget\" data-e-type=\"widget\" data-widget_type=\"heading.default\">\n\t\t\t\t\t<h3 class=\"elementor-heading-title elementor-size-default\">BS4PYMES\u00ae<\/h3>\t\t\t\t<\/div>\n\t\t\t\t<div class=\"elementor-element elementor-element-f0ab5d2 elementor-widget__width-initial elementor-widget-tablet__width-initial elementor-widget-mobile__width-initial elementor-widget elementor-widget-text-editor\" data-id=\"f0ab5d2\" data-element_type=\"widget\" data-e-type=\"widget\" data-widget_type=\"text-editor.default\">\n\t\t\t\t\t\t\t\t\t<p>Una plataforma de publicidad y mercadeo impulsada por IA dise\u00f1ada para proveer a peque\u00f1as y medianas empresas acceso a comunicaciones estrat\u00e9gicas, desarrollo creativo, mercadeo digital y servicios de tecnolog\u00eda a trav\u00e9s de un modelo moderno basado en suscripci\u00f3n.<\/p>\t\t\t\t\t\t\t\t<\/div>\n\t\t\t\t<div class=\"elementor-element elementor-element-61fa72b elementor-widget elementor-widget-heading\" data-id=\"61fa72b\" data-element_type=\"widget\" data-e-type=\"widget\" data-widget_type=\"heading.default\">\n\t\t\t\t\t<div class=\"elementor-heading-title elementor-size-default\">Sitio Web<\/div>\t\t\t\t<\/div>\n\t\t\t\t<div class=\"elementor-element elementor-element-198c565 elementor-widget elementor-widget-text-editor\" data-id=\"198c565\" data-element_type=\"widget\" data-e-type=\"widget\" data-widget_type=\"text-editor.default\">\n\t\t\t\t\t\t\t\t\t<p><a title=\"https:\/\/bs4pymes.com\" href=\"https:\/\/bs4pymes.com\" target=\"_blank\" rel=\"noopener\">https:\/\/bs4pymes.com<\/a><\/p>\t\t\t\t\t\t\t\t<\/div>\n\t\t\t\t<\/div>\n\t\t\t\t<\/div>\n\t\t<div class=\"elementor-element elementor-element-6d59f6b e-con-full e-flex e-con e-child\" data-id=\"6d59f6b\" data-element_type=\"container\" data-e-type=\"container\">\n\t\t<div class=\"elementor-element elementor-element-76356fc e-con-full e-flex e-con e-child\" data-id=\"76356fc\" data-element_type=\"container\" data-e-type=\"container\">\n\t\t\t\t<div class=\"elementor-element elementor-element-9e73e51 elementor-widget elementor-widget-heading\" data-id=\"9e73e51\" data-element_type=\"widget\" data-e-type=\"widget\" data-widget_type=\"heading.default\">\n\t\t\t\t\t<h3 class=\"elementor-heading-title elementor-size-default\">BS and Company Agency\u00ae<\/h3>\t\t\t\t<\/div>\n\t\t\t\t<div class=\"elementor-element elementor-element-0144956 elementor-widget__width-initial elementor-widget-tablet__width-initial elementor-widget-mobile__width-initial elementor-widget elementor-widget-text-editor\" data-id=\"0144956\" data-element_type=\"widget\" data-e-type=\"widget\" data-widget_type=\"text-editor.default\">\n\t\t\t\t\t\t\t\t\t<p>Una firma de comunicaciones estrat\u00e9gicas, mercadeo, publicidad y relaciones p\u00fablicas sirviendo organizaciones que requieren estrategia de comunicaciones de alto nivel, desarrollo creativo, planificaci\u00f3n de medios y campa\u00f1as integradas.<\/p>\t\t\t\t\t\t\t\t<\/div>\n\t\t\t\t<div class=\"elementor-element elementor-element-da3502e elementor-widget elementor-widget-heading\" data-id=\"da3502e\" data-element_type=\"widget\" data-e-type=\"widget\" data-widget_type=\"heading.default\">\n\t\t\t\t\t<div class=\"elementor-heading-title elementor-size-default\">Sitio Web<\/div>\t\t\t\t<\/div>\n\t\t\t\t<div class=\"elementor-element elementor-element-8cc956b elementor-widget elementor-widget-text-editor\" data-id=\"8cc956b\" data-element_type=\"widget\" data-e-type=\"widget\" data-widget_type=\"text-editor.default\">\n\t\t\t\t\t\t\t\t\t<p><a title=\"https:\/\/bsandcoagency.com\" href=\"https:\/\/bsandcoagency.com\" target=\"_blank\" rel=\"noopener\">https:\/\/bsandcoagency.com<\/a><\/p>\t\t\t\t\t\t\t\t<\/div>\n\t\t\t\t<\/div>\n\t\t\t\t<\/div>\n\t\t\t\t<\/div>\n\t\t\t\t\t<\/div>\n\t\t\t\t<\/div>\n\t\t<div class=\"elementor-element elementor-element-0de2dc2 e-flex e-con-boxed e-con e-parent\" data-id=\"0de2dc2\" data-element_type=\"container\" data-e-type=\"container\" data-settings=\"{&quot;background_background&quot;:&quot;classic&quot;}\">\n\t\t\t\t\t<div class=\"e-con-inner\">\n\t\t<div class=\"elementor-element elementor-element-535223f e-con-full e-flex e-con e-child\" data-id=\"535223f\" data-element_type=\"container\" data-e-type=\"container\">\n\t\t\t\t<div class=\"elementor-element elementor-element-bb4a4fa elementor-widget elementor-widget-heading\" data-id=\"bb4a4fa\" data-element_type=\"widget\" data-e-type=\"widget\" data-widget_type=\"heading.default\">\n\t\t\t\t\t<div class=\"elementor-heading-title elementor-size-default\">Estructura Corporativa<\/div>\t\t\t\t<\/div>\n\t\t\t\t<div class=\"elementor-element elementor-element-b31e083 elementor-widget-mobile__width-initial elementor-widget elementor-widget-heading\" data-id=\"b31e083\" data-element_type=\"widget\" data-e-type=\"widget\" data-widget_type=\"heading.default\">\n\t\t\t\t\t<h2 class=\"elementor-heading-title elementor-size-default\">La propiedad corporativa y responsabilidad legal est\u00e1n centralizadas bajo una compa\u00f1\u00eda matriz.<\/h2>\t\t\t\t<\/div>\n\t\t\t\t<div class=\"elementor-element elementor-element-8b357b9 elementor-widget-tablet__width-initial elementor-widget-mobile__width-initial elementor-widget elementor-widget-text-editor\" data-id=\"8b357b9\" data-element_type=\"widget\" data-e-type=\"widget\" data-widget_type=\"text-editor.default\">\n\t\t\t\t\t\t\t\t\t<p>Todas las marcas, plataformas, sistemas de software y servicios mencionados arriba son propiedad y operados por Beniquez Sanchez and Company LLC, una compa\u00f1\u00eda de responsabilidad limitada organizada bajo las leyes del Estado de Florida, Estados Unidos, y autorizada para conducir negocios en el Estado Libre Asociado de Puerto Rico bajo el nombre comercial B and S LLC.<\/p>\t\t\t\t\t\t\t\t<\/div>\n\t\t\t\t<div class=\"elementor-element elementor-element-a432caa elementor-widget-divider--view-line elementor-widget elementor-widget-divider\" data-id=\"a432caa\" data-element_type=\"widget\" data-e-type=\"widget\" data-widget_type=\"divider.default\">\n\t\t\t\t\t\t\t<div class=\"elementor-divider\">\n\t\t\t<span class=\"elementor-divider-separator\">\n\t\t\t\t\t\t<\/span>\n\t\t<\/div>\n\t\t\t\t\t\t<\/div>\n\t\t\t\t<\/div>\n\t\t\t\t\t<\/div>\n\t\t\t\t<\/div>\n\t\t<div class=\"elementor-element elementor-element-264b566 e-flex e-con-boxed e-con e-parent\" data-id=\"264b566\" data-element_type=\"container\" data-e-type=\"container\" data-settings=\"{&quot;background_background&quot;:&quot;classic&quot;}\">\n\t\t\t\t\t<div class=\"e-con-inner\">\n\t\t<div class=\"elementor-element elementor-element-d5a2f8c e-con-full e-flex e-con e-child\" data-id=\"d5a2f8c\" data-element_type=\"container\" data-e-type=\"container\">\n\t\t\t\t<div class=\"elementor-element elementor-element-9ad140a elementor-widget elementor-widget-heading\" data-id=\"9ad140a\" data-element_type=\"widget\" data-e-type=\"widget\" data-widget_type=\"heading.default\">\n\t\t\t\t\t<div class=\"elementor-heading-title elementor-size-default\">Informaci\u00f3n Legal y de Pol\u00edticas<\/div>\t\t\t\t<\/div>\n\t\t\t\t<div class=\"elementor-element elementor-element-159bdce elementor-widget__width-initial elementor-widget elementor-widget-text-editor\" data-id=\"159bdce\" data-element_type=\"widget\" data-e-type=\"widget\" data-widget_type=\"text-editor.default\">\n\t\t\t\t\t\t\t\t\t<p>Para transparencia y cumplimiento, las pol\u00edticas que rigen servicios ofrecidos por las marcas operadas por Beniquez Sanchez and Company LLC pueden encontrarse en sus respectivos sitios web:<\/p>\t\t\t\t\t\t\t\t<\/div>\n\t\t\t\t<div class=\"elementor-element elementor-element-979fb47 elementor-widget elementor-widget-text-editor\" data-id=\"979fb47\" data-element_type=\"widget\" data-e-type=\"widget\" data-widget_type=\"text-editor.default\">\n\t\t\t\t\t\t\t\t\t<p>BS and Co AI Labs <br \/><a title=\"https:\/\/bsand-co.com\" href=\"https:\/\/bsand-co.com\" target=\"_blank\" rel=\"noopener\">https:\/\/bsand-co.com<\/a><\/p><p>BS4PYMES <br \/><a title=\"https:\/\/bs4pymes.com\" href=\"https:\/\/bs4pymes.com\" target=\"_blank\" rel=\"noopener\">https:\/\/bs4pymes.com<\/a><\/p><p>BS and Company Agency <br \/><a title=\"https:\/\/bsandcoagency.com\" href=\"https:\/\/bsandcoagency.com\" target=\"_blank\" rel=\"noopener\">https:\/\/bsandcoagency.com<\/a><\/p>\t\t\t\t\t\t\t\t<\/div>\n\t\t\t\t<\/div>\n\t\t\t\t\t<\/div>\n\t\t\t\t<\/div>\n\t\t\t\t<\/div>","protected":false},"excerpt":{"rendered":"<p>Parent Company of BS and Co AI Labs\u00ae, BS4PYMES\u00ae, and BS and Company Agency Beniquez Sanchez and Company LLC is [&hellip;]<\/p>\n","protected":false},"author":1,"featured_media":0,"parent":0,"menu_order":0,"comment_status":"closed","ping_status":"closed","template":"","meta":{"site-sidebar-layout":"no-sidebar","site-content-layout":"plain-container","ast-site-content-layout":"full-width-container","site-content-style":"default","site-sidebar-style":"default","ast-global-header-display":"","ast-banner-title-visibility":"","ast-main-header-display":"","ast-hfb-above-header-display":"","ast-hfb-below-header-display":"","ast-hfb-mobile-header-display":"","site-post-title":"disabled","ast-breadcrumbs-content":"","ast-featured-img":"disabled","footer-sml-layout":"","ast-disable-related-posts":"","theme-transparent-header-meta":"enabled","adv-header-id-meta":"","stick-header-meta":"","header-above-stick-meta":"","header-main-stick-meta":"","header-below-stick-meta":"","astra-migrate-meta-layouts":"default","ast-page-background-enabled":"default","ast-page-background-meta":{"desktop":{"background-color":"var(--ast-global-color-5)","background-image":"","background-repeat":"repeat","background-position":"center center","background-size":"auto","background-attachment":"scroll","background-type":"","background-media":"","overlay-type":"","overlay-color":"","overlay-opacity":"","overlay-gradient":""},"tablet":{"background-color":"","background-image":"","background-repeat":"repeat","background-position":"center center","background-size":"auto","background-attachment":"scroll","background-type":"","background-media":"","overlay-type":"","overlay-color":"","overlay-opacity":"","overlay-gradient":""},"mobile":{"background-color":"","background-image":"","background-repeat":"repeat","background-position":"center center","background-size":"auto","background-attachment":"scroll","background-type":"","background-media":"","overlay-type":"","overlay-color":"","overlay-opacity":"","overlay-gradient":""}},"ast-content-background-meta":{"desktop":{"background-color":"var(--ast-global-color-4)","background-image":"","background-repeat":"repeat","background-position":"center center","background-size":"auto","background-attachment":"scroll","background-type":"","background-media":"","overlay-type":"","overlay-color":"","overlay-opacity":"","overlay-gradient":""},"tablet":{"background-color":"var(--ast-global-color-4)","background-image":"","background-repeat":"repeat","background-position":"center center","background-size":"auto","background-attachment":"scroll","background-type":"","background-media":"","overlay-type":"","overlay-color":"","overlay-opacity":"","overlay-gradient":""},"mobile":{"background-color":"var(--ast-global-color-4)","background-image":"","background-repeat":"repeat","background-position":"center center","background-size":"auto","background-attachment":"scroll","background-type":"","background-media":"","overlay-type":"","overlay-color":"","overlay-opacity":"","overlay-gradient":""}},"footnotes":""},"class_list":["post-17","page","type-page","status-publish","hentry"],"_links":{"self":[{"href":"https:\/\/beniquezsanchez.com\/es\/wp-json\/wp\/v2\/pages\/17","targetHints":{"allow":["GET"]}}],"collection":[{"href":"https:\/\/beniquezsanchez.com\/es\/wp-json\/wp\/v2\/pages"}],"about":[{"href":"https:\/\/beniquezsanchez.com\/es\/wp-json\/wp\/v2\/types\/page"}],"author":[{"embeddable":true,"href":"https:\/\/beniquezsanchez.com\/es\/wp-json\/wp\/v2\/users\/1"}],"replies":[{"embeddable":true,"href":"https:\/\/beniquezsanchez.com\/es\/wp-json\/wp\/v2\/comments?post=17"}],"version-history":[{"count":144,"href":"https:\/\/beniquezsanchez.com\/es\/wp-json\/wp\/v2\/pages\/17\/revisions"}],"predecessor-version":[{"id":479,"href":"https:\/\/beniquezsanchez.com\/es\/wp-json\/wp\/v2\/pages\/17\/revisions\/479"}],"wp:attachment":[{"href":"https:\/\/beniquezsanchez.com\/es\/wp-json\/wp\/v2\/media?parent=17"}],"curies":[{"name":"wp","href":"https:\/\/api.w.org\/{rel}","templated":true}]}}